{"id":592,"date":"2017-04-04T09:34:27","date_gmt":"2017-04-04T09:34:27","guid":{"rendered":"http:\/\/brandsupport.de\/?page_id=592"},"modified":"2018-06-18T09:04:09","modified_gmt":"2018-06-18T09:04:09","slug":"imprint","status":"publish","type":"page","link":"https:\/\/brandsupport.de\/en\/imprint\/","title":{"rendered":"Imprint"},"content":{"rendered":"<p><strong><u>Information in accordance with section 5 TMG<\/u><\/strong><br \/>\nTBSC The Brand Support Company GmbH &#038; Co. KG<br \/>\nWieseneckstra\u00dfe 26<br \/>\n90571 Schwaig<br \/>\nRepresented by<br \/>\nPersonally liable partner<br \/>\nTBSC The Brand Support Verwaltungs-GmbH<\/p>\n<p><strong><u>Contact<\/u><\/strong><br \/>\nTelephone: +49-911-9535-100<br \/>\nFax: +49-911-9535-109<br \/>\nE-Mail: info@brandsupport.de<br \/>\nInternetadresse: www.brandsupport.de<\/p>\n<p><strong><u>Register entry<\/u><\/strong><br \/>\nEntry in Handelsregister<br \/>\nRegister Number: HRA 12619<br \/>\nRegister Court: N\u00fcrnberg<\/p>\n<p><strong><u>VAT number<\/u><\/strong><br \/>\nVAT indentification number in accorance with section 27 a of the German VAT act<br \/>\nDE 220 255 271<br \/>\nPerson responsible for content in accordance with 55 Abs. 2 RStV<br \/>\nChristoph P\u00f6schl, Gesch\u00e4ftsf\u00fchrer<br \/>\nIndication of source for images and graphics<br \/>\nwww.istockphoto.com, www.shutterstock.com, www.stocksnap.io<\/p>\n<p><strong><u>DISCLAIMER<\/u><\/strong><br \/>\nAccountability for content<br \/>\nThe contents of our pages have been created with the utmost care. However, we cannot guarantee the contents\u2019 accuracy, completeness or topicality. According to statutory provisions, we are furthermore responsible for our own content on these web pages. In this context, please note that we are accordingly not obliged to monitor merely the transmitted or saved information of third parties, or investigate circumstances pointing to illegal activity. Our obligations to remove or block the use of information under generally applicable laws remain unaffected by this as per \u00a7\u00a7 8 to 10 of the Telemedia Act (TMG).<\/p>\n<p><strong><u>Accountability for links<\/u><\/strong><br \/>\nResponsibility for the content of external links (to web pages of third parties) lies solely with the operators of the linked pages. No violations were evident to us at the time of linking. Should any legal infringement become known to us, we will remove the respective link immediately.<\/p>\n<p><strong><u>Copyright<\/u><\/strong><br \/>\nOur web pages and their contents are subject to German copyright law. Unless expressly permitted by law (\u00a7 44a et seq. of the copyright law), every form of utilizing, reproducing or processing works subject to copyright protection on our web pages requires the prior consent of the respective owner of the rights. Individual reproductions of a work are allowed only for private use, so must not serve either directly or indirectly for earnings. Unauthorized utilization of copyrighted works is punishable (\u00a7 106 of the copyright law).<\/p>\n","protected":false},"excerpt":{"rendered":"<p>Information in accordance with section 5 TMG TBSC The Brand Support Company GmbH &#038; Co. KG Wieseneckstra\u00dfe 26 90571 Schwaig Represented by Personally liable partner TBSC The Brand Support Verwaltungs-GmbH Contact Telephone: +49-911-9535-100 Fax: +49-911-9535-109 E-Mail: info@brandsupport.de Internetadresse: &hellip;<\/p>\n","protected":false},"author":1,"featured_media":0,"parent":0,"menu_order":0,"comment_status":"closed","ping_status":"closed","template":"tpl-imprint.php","meta":{"_acf_changed":false,"footnotes":""},"yst_prominent_words":[],"class_list":["post-592","page","type-page","status-publish","hentry"],"acf":[],"_links":{"self":[{"href":"https:\/\/brandsupport.de\/en\/wp-json\/wp\/v2\/pages\/592","targetHints":{"allow":["GET"]}}],"collection":[{"href":"https:\/\/brandsupport.de\/en\/wp-json\/wp\/v2\/pages"}],"about":[{"href":"https:\/\/brandsupport.de\/en\/wp-json\/wp\/v2\/types\/page"}],"author":[{"embeddable":true,"href":"https:\/\/brandsupport.de\/en\/wp-json\/wp\/v2\/users\/1"}],"replies":[{"embeddable":true,"href":"https:\/\/brandsupport.de\/en\/wp-json\/wp\/v2\/comments?post=592"}],"version-history":[{"count":1,"href":"https:\/\/brandsupport.de\/en\/wp-json\/wp\/v2\/pages\/592\/revisions"}],"predecessor-version":[{"id":593,"href":"https:\/\/brandsupport.de\/en\/wp-json\/wp\/v2\/pages\/592\/revisions\/593"}],"wp:attachment":[{"href":"https:\/\/brandsupport.de\/en\/wp-json\/wp\/v2\/media?parent=592"}],"wp:term":[{"taxonomy":"yst_prominent_words","embeddable":true,"href":"https:\/\/brandsupport.de\/en\/wp-json\/wp\/v2\/yst_prominent_words?post=592"}],"curies":[{"name":"wp","href":"https:\/\/api.w.org\/{rel}","templated":true}]}}